{"id":18,"date":"2019-05-21T18:37:04","date_gmt":"2019-05-21T16:37:04","guid":{"rendered":"http:\/\/www.netbeatmachine.be\/wp-genappe\/?page_id=18"},"modified":"2021-04-20T21:07:26","modified_gmt":"2021-04-20T19:07:26","slug":"a-propos","status":"publish","type":"page","link":"https:\/\/www.genappevision.be\/","title":{"rendered":"Genappe Vision"},"content":{"rendered":"\n<h2 class=\"wp-block-heading\"><strong>Nous prenons soin de vos yeux<\/strong>&nbsp;<\/h2>\n\n\n\n<p>Genappe Vision, parce que vos yeux n\u00e9cessitent nos comp\u00e9tences&nbsp;.<\/p>\n\n\n\n<p>Nos yeux sont tr\u00e8s largement sollicit\u00e9s sur une journ\u00e9e, \u00e9crans, tablettes, pollution, sport et pas question aujourd&rsquo;hui de faire de compromis&nbsp;! Une vision nette, rapide et confortable s&rsquo;impose.<\/p>\n\n\n\n<p>Gr\u00e2ce \u00e0 une \u00e9quipe d&rsquo;opticiens dipl\u00f4m\u00e9s, jeunes et dynamiques, Genappe Vision est \u00e0 l&rsquo;\u00e9coute de vos attentes et de vos exigences.  <\/p>\n\n\n\n<p>Notre principal objectif&nbsp;, votre satisfaction&nbsp;!<\/p>\n","protected":false},"excerpt":{"rendered":"<p>Nous prenons soin de vos yeux&nbsp; Genappe Vision, parce que vos yeux n\u00e9cessitent nos comp\u00e9tences&nbsp;. Nos yeux sont tr\u00e8s largement&hellip;<\/p>\n","protected":false},"author":2,"featured_media":0,"parent":0,"menu_order":0,"comment_status":"closed","ping_status":"closed","template":"","meta":{"footnotes":""},"class_list":["post-18","page","type-page","status-publish","hentry"],"_links":{"self":[{"href":"https:\/\/www.genappevision.be\/index.php\/wp-json\/wp\/v2\/pages\/18","targetHints":{"allow":["GET"]}}],"collection":[{"href":"https:\/\/www.genappevision.be\/index.php\/wp-json\/wp\/v2\/pages"}],"about":[{"href":"https:\/\/www.genappevision.be\/index.php\/wp-json\/wp\/v2\/types\/page"}],"author":[{"embeddable":true,"href":"https:\/\/www.genappevision.be\/index.php\/wp-json\/wp\/v2\/users\/2"}],"replies":[{"embeddable":true,"href":"https:\/\/www.genappevision.be\/index.php\/wp-json\/wp\/v2\/comments?post=18"}],"version-history":[{"count":3,"href":"https:\/\/www.genappevision.be\/index.php\/wp-json\/wp\/v2\/pages\/18\/revisions"}],"predecessor-version":[{"id":64,"href":"https:\/\/www.genappevision.be\/index.php\/wp-json\/wp\/v2\/pages\/18\/revisions\/64"}],"wp:attachment":[{"href":"https:\/\/www.genappevision.be\/index.php\/wp-json\/wp\/v2\/media?parent=18"}],"curies":[{"name":"wp","href":"https:\/\/api.w.org\/{rel}","templated":true}]}}