{"id":23,"date":"2019-05-21T18:49:35","date_gmt":"2019-05-21T16:49:35","guid":{"rendered":"http:\/\/www.netbeatmachine.be\/wp-genappe\/?page_id=23"},"modified":"2021-04-20T21:07:26","modified_gmt":"2021-04-20T19:07:26","slug":"contact","status":"publish","type":"page","link":"https:\/\/www.genappevision.be\/index.php\/contact\/","title":{"rendered":"Contact"},"content":{"rendered":"\n<div class=\"wp-block-columns has-2-columns is-layout-flex wp-container-core-columns-is-layout-9d6595d7 wp-block-columns-is-layout-flex\">\n<div class=\"wp-block-column is-layout-flow wp-block-column-is-layout-flow\">\n<h2 class=\"wp-block-heading\"><strong>Genappe Vision<\/strong><\/h2>\n\n\n\n<p>Rue de la station 2A<br>1470 Genappe<br>Tel.\/Fax: <a href=\"tel:+3267772599\">067 77 25 99<\/a><br>E-mail: <a href=\"mailto:info@genappevision.be\">info@genappevision.be<\/a> <\/p>\n\n\n\n<h2 class=\"wp-block-heading\"><strong>Heures d&rsquo;ouverture<\/strong><\/h2>\n\n\n\n<p>Du mardi au vendredi de 9h \u00e0 12h30 et de 13h30 \u00e0 18h30   <br>Le samedi de 9h00 \u00e0 16h00 sans interruption<br>Fermeture : les dimanches , lundis et jours f\u00e9ri\u00e9s<\/p>\n<\/div>\n\n\n\n<div class=\"wp-block-column is-layout-flow wp-block-column-is-layout-flow\">\t\t<div id=\"maps-marker-pro-84a761b7\" class=\"maps-marker-pro mmp-list-below\" style=\"width: 640px;\">\n\t\t\t<div id=\"mmp-map-wrap-84a761b7\" class=\"mmp-map-wrap\">\n\t\t\t\t\t\t\t\t\t<div id=\"mmp-panel-84a761b7\" class=\"mmp-panel\"><\/div>\n\t\t\t\t\t\t\t\t<div id=\"mmp-map-84a761b7\" class=\"mmp-map\" style=\"height: 480px;\"><\/div>\n\t\t\t\t\t\t\t<\/div>\n\t\t\t\t\t\t\t<div id=\"mmp-list-84a761b7\" class=\"mmp-list\" style=\"flex-basis: 400px;\"><\/div>\n\t\t\t\t\t<\/div>\n\t\t\n<\/div>\n<\/div>\n\n\n\n<h2 class=\"wp-block-heading\">Formulaire de contact<\/h2>\n\n\n\n<p>Vous pouvez aussi nous joindre gr\u00e2ce au formulaire suivant. Nous vous recontacterons dans les plus brefs d\u00e9lais.<\/p>\n\n\n\n<div class=\"wpcf7 no-js\" id=\"wpcf7-f75-o1\" lang=\"fr-FR\" dir=\"ltr\" data-wpcf7-id=\"75\">\n<div class=\"screen-reader-response\"><p role=\"status\" aria-live=\"polite\" aria-atomic=\"true\"><\/p> <ul><\/ul><\/div>\n<form action=\"\/index.php\/wp-json\/wp\/v2\/pages\/23#wpcf7-f75-o1\" method=\"post\" class=\"wpcf7-form init\" aria-label=\"Formulaire de contact\" novalidate=\"novalidate\" data-status=\"init\">\n<fieldset class=\"hidden-fields-container\"><input type=\"hidden\" name=\"_wpcf7\" value=\"75\" \/><input type=\"hidden\" name=\"_wpcf7_version\" value=\"6.1.5\" \/><input type=\"hidden\" name=\"_wpcf7_locale\" value=\"fr_FR\" \/><input type=\"hidden\" name=\"_wpcf7_unit_tag\" value=\"wpcf7-f75-o1\" \/><input type=\"hidden\" name=\"_wpcf7_container_post\" value=\"0\" \/><input type=\"hidden\" name=\"_wpcf7_posted_data_hash\" value=\"\" \/>\n<\/fieldset>\n<p><label> Votre nom (obligatoire)<br \/>\n<span class=\"wpcf7-form-control-wrap\" data-name=\"your-name\"><input size=\"40\" maxlength=\"400\" class=\"wpcf7-form-control wpcf7-text wpcf7-validates-as-required\" aria-required=\"true\" aria-invalid=\"false\" value=\"\" type=\"text\" name=\"your-name\" \/><\/span> <\/label>\n<\/p>\n<p><label> Votre adresse de messagerie (obligatoire)<br \/>\n<span class=\"wpcf7-form-control-wrap\" data-name=\"your-email\"><input size=\"40\" maxlength=\"400\" class=\"wpcf7-form-control wpcf7-email wpcf7-validates-as-required wpcf7-text wpcf7-validates-as-email\" aria-required=\"true\" aria-invalid=\"false\" value=\"\" type=\"email\" name=\"your-email\" \/><\/span> <\/label>\n<\/p>\n<p><label> Votre num\u00e9ro de t\u00e9l\u00e9phone (obligatoire)<br \/>\n<span class=\"wpcf7-form-control-wrap\" data-name=\"your-tel\"><input size=\"40\" maxlength=\"400\" class=\"wpcf7-form-control wpcf7-tel wpcf7-validates-as-required wpcf7-text wpcf7-validates-as-tel\" aria-required=\"true\" aria-invalid=\"false\" value=\"\" type=\"tel\" name=\"your-tel\" \/><\/span> <\/label>\n<\/p>\n<p><label> Votre message<br \/>\n<span class=\"wpcf7-form-control-wrap\" data-name=\"your-message\"><textarea cols=\"40\" rows=\"10\" maxlength=\"2000\" class=\"wpcf7-form-control wpcf7-textarea wpcf7-validates-as-required\" aria-required=\"true\" aria-invalid=\"false\" name=\"your-message\"><\/textarea><\/span> <\/label>\n<\/p>\n<p><input class=\"wpcf7-form-control wpcf7-submit has-spinner\" type=\"submit\" value=\"Envoyer\" \/>\n<\/p><div class=\"wpcf7-response-output\" aria-hidden=\"true\"><\/div>\n<\/form>\n<\/div>\n\n","protected":false},"excerpt":{"rendered":"<p>Genappe Vision Rue de la station 2A1470 GenappeTel.\/Fax: 067 77 25 99E-mail: info@genappevision.be Heures d&rsquo;ouverture Du mardi au vendredi de&hellip;<\/p>\n","protected":false},"author":2,"featured_media":0,"parent":0,"menu_order":0,"comment_status":"closed","ping_status":"closed","template":"","meta":{"footnotes":""},"class_list":["post-23","page","type-page","status-publish","hentry"],"_links":{"self":[{"href":"https:\/\/www.genappevision.be\/index.php\/wp-json\/wp\/v2\/pages\/23","targetHints":{"allow":["GET"]}}],"collection":[{"href":"https:\/\/www.genappevision.be\/index.php\/wp-json\/wp\/v2\/pages"}],"about":[{"href":"https:\/\/www.genappevision.be\/index.php\/wp-json\/wp\/v2\/types\/page"}],"author":[{"embeddable":true,"href":"https:\/\/www.genappevision.be\/index.php\/wp-json\/wp\/v2\/users\/2"}],"replies":[{"embeddable":true,"href":"https:\/\/www.genappevision.be\/index.php\/wp-json\/wp\/v2\/comments?post=23"}],"version-history":[{"count":16,"href":"https:\/\/www.genappevision.be\/index.php\/wp-json\/wp\/v2\/pages\/23\/revisions"}],"predecessor-version":[{"id":250,"href":"https:\/\/www.genappevision.be\/index.php\/wp-json\/wp\/v2\/pages\/23\/revisions\/250"}],"wp:attachment":[{"href":"https:\/\/www.genappevision.be\/index.php\/wp-json\/wp\/v2\/media?parent=23"}],"curies":[{"name":"wp","href":"https:\/\/api.w.org\/{rel}","templated":true}]}}