{"id":34,"date":"2019-05-21T18:59:01","date_gmt":"2019-05-21T16:59:01","guid":{"rendered":"http:\/\/www.netbeatmachine.be\/wp-genappe\/?page_id=34"},"modified":"2021-04-20T21:07:26","modified_gmt":"2021-04-20T19:07:26","slug":"nos-produits","status":"publish","type":"page","link":"https:\/\/www.genappevision.be\/index.php\/nos-produits\/","title":{"rendered":"Nos services"},"content":{"rendered":"\n<h2 class=\"wp-block-heading\">Examen de la vue et adaptation en lentilles de contact <\/h2>\n\n\n\n<p>Nous mettons \u00e0 votre disposition des appareils de derni\u00e8re g\u00e9n\u00e9ration pour vous proposer un examen de votre vue pr\u00e9cis et professionnel afin de vous conseiller un \u00e9quipement optique adapt\u00e9 \u00e0 toutes vos activit\u00e9s.<\/p>\n\n\n\n<p>Cependant l&rsquo;examen de la vue ne remplace pas un  suivi ophtalmologique r\u00e9gulier indispensable \u00e0 la bonne sant\u00e9 de vos yeux.<\/p>\n\n\n\n<h3 class=\"wp-block-heading\">Et pourquoi pas des lentilles de contact?<\/h3>\n\n\n\n<p>Pour porter r\u00e9guli\u00e8rement ou occasionnellement, qu&rsquo;elles soient souples ou semi rigides les lentilles de contact adapt\u00e9es \u00e0 votre vision peuvent vous convenir.<\/p>\n\n\n\n<p>\nN&rsquo;h\u00e9sitez\n\u00e0 prendre un rendez vous  pour une adaptation personnalis\u00e9e&nbsp;.<\/p>\n\n\n\n<h2 class=\"wp-block-heading\">Large choix de montures optiques et solaires pour adultes et enfants <\/h2>\n\n\n\n<p>Nous s\u00e9lectionnons un large choix de montures pour tous et adapt\u00e9 \u00e0 tous les budgets.  <\/p>\n\n\n\n<h2 class=\"wp-block-heading\">Visite \u00e0 domicile<\/h2>\n\n\n\n<p>Sur rendez vous nous pouvons vous proposer une visite \u00e0 votre domicile<\/p>\n\n\n\n<h2 class=\"wp-block-heading\">Service audiologie sur rendez vous avec un sp\u00e9cialiste Veranneman <\/h2>\n\n\n\n<p>Vos oreilles sont aussi \u00e0 notre \u00e9coute\u00a0! Jean Christophe Blocq, audiologue, vous re\u00e7oit sur rendez vous pour vous pr\u00e9senter les solutions auditives adapt\u00e9es \u00e0 vos besoins.<\/p>\n\n\n\n<h2 class=\"wp-block-heading\">Garantie et service apr\u00e8s vente de vos montures et de vos verres<\/h2>\n\n\n\n<p>Ajustage et entretien gratuit (renouvellement des plaquettes et nettoyage dans un bain \u00e0 ultra-sons) <\/p>\n","protected":false},"excerpt":{"rendered":"<p>Examen de la vue et adaptation en lentilles de contact Nous mettons \u00e0 votre disposition des appareils de derni\u00e8re g\u00e9n\u00e9ration&hellip;<\/p>\n","protected":false},"author":2,"featured_media":0,"parent":0,"menu_order":0,"comment_status":"closed","ping_status":"closed","template":"","meta":{"footnotes":""},"class_list":["post-34","page","type-page","status-publish","hentry"],"_links":{"self":[{"href":"https:\/\/www.genappevision.be\/index.php\/wp-json\/wp\/v2\/pages\/34","targetHints":{"allow":["GET"]}}],"collection":[{"href":"https:\/\/www.genappevision.be\/index.php\/wp-json\/wp\/v2\/pages"}],"about":[{"href":"https:\/\/www.genappevision.be\/index.php\/wp-json\/wp\/v2\/types\/page"}],"author":[{"embeddable":true,"href":"https:\/\/www.genappevision.be\/index.php\/wp-json\/wp\/v2\/users\/2"}],"replies":[{"embeddable":true,"href":"https:\/\/www.genappevision.be\/index.php\/wp-json\/wp\/v2\/comments?post=34"}],"version-history":[{"count":5,"href":"https:\/\/www.genappevision.be\/index.php\/wp-json\/wp\/v2\/pages\/34\/revisions"}],"predecessor-version":[{"id":93,"href":"https:\/\/www.genappevision.be\/index.php\/wp-json\/wp\/v2\/pages\/34\/revisions\/93"}],"wp:attachment":[{"href":"https:\/\/www.genappevision.be\/index.php\/wp-json\/wp\/v2\/media?parent=34"}],"curies":[{"name":"wp","href":"https:\/\/api.w.org\/{rel}","templated":true}]}}