{"id":60,"date":"2019-05-28T15:14:58","date_gmt":"2019-05-28T13:14:58","guid":{"rendered":"http:\/\/www.netbeatmachine.be\/wp-genappe\/?page_id=60"},"modified":"2021-04-20T21:07:26","modified_gmt":"2021-04-20T19:07:26","slug":"magasin","status":"publish","type":"page","link":"https:\/\/www.genappevision.be\/index.php\/magasin\/","title":{"rendered":"Magasin"},"content":{"rendered":"\n<p>Genappe Vision vous offre un environnement  convivial et lumineux.<\/p>\n\n\n\n<p>Situ\u00e9 sur le carrefour entre la rue de la Station et la rue de Charleroi , juste en face du Ravel, Genappe Vision vous offre un acc\u00e8s facile gr\u00e2ce aux nombreuses places de stationnement dont deux pour les personnes \u00e0 mobilit\u00e9 r\u00e9duite.<\/p>\n\n\n\n<p>Originaire de Genappe , Beno\u00eet Piens opticien optom\u00e9triste dipl\u00f4m\u00e9 de l&rsquo;Institut d&rsquo;Optique Raymond Tibaut, a ouvert son magasin en Avril 2009.<\/p>\n\n\n\n<p>Soucieux d&rsquo;un travail pr\u00e9cis et passionn\u00e9 par son m\u00e9tier il met tout en \u0153uvre pour vous proposer un travail de qualit\u00e9.<\/p>\n\n\n\n<p>Depuis Janvier 2019 , No\u00e9mie Corbisier, opticienne optom\u00e9triste \u00e9galement dipl\u00f4m\u00e9e de l&rsquo;institut d&rsquo;Optique Raymond Tibaut a rejoint Genappe Vision afin d&rsquo;apporter ses connaissances et  son exp\u00e9rience professionnelle pour r\u00e9pondre toujours mieux \u00e0 vos exigences visuelles.  <\/p>\n\n\n\n<p>\u00c9tant consid\u00e9r\u00e9es comme un v\u00e9ritable accessoire de mode, nous prenons soins de s\u00e9lectionner chacune de nos montures pour vous permettre de trouver la lunette qui vous conviendra le mieux !<\/p>\n","protected":false},"excerpt":{"rendered":"<p>Genappe Vision vous offre un environnement convivial et lumineux. Situ\u00e9 sur le carrefour entre la rue de la Station et&hellip;<\/p>\n","protected":false},"author":2,"featured_media":0,"parent":0,"menu_order":0,"comment_status":"closed","ping_status":"closed","template":"","meta":{"footnotes":""},"class_list":["post-60","page","type-page","status-publish","hentry"],"_links":{"self":[{"href":"https:\/\/www.genappevision.be\/index.php\/wp-json\/wp\/v2\/pages\/60","targetHints":{"allow":["GET"]}}],"collection":[{"href":"https:\/\/www.genappevision.be\/index.php\/wp-json\/wp\/v2\/pages"}],"about":[{"href":"https:\/\/www.genappevision.be\/index.php\/wp-json\/wp\/v2\/types\/page"}],"author":[{"embeddable":true,"href":"https:\/\/www.genappevision.be\/index.php\/wp-json\/wp\/v2\/users\/2"}],"replies":[{"embeddable":true,"href":"https:\/\/www.genappevision.be\/index.php\/wp-json\/wp\/v2\/comments?post=60"}],"version-history":[{"count":2,"href":"https:\/\/www.genappevision.be\/index.php\/wp-json\/wp\/v2\/pages\/60\/revisions"}],"predecessor-version":[{"id":177,"href":"https:\/\/www.genappevision.be\/index.php\/wp-json\/wp\/v2\/pages\/60\/revisions\/177"}],"wp:attachment":[{"href":"https:\/\/www.genappevision.be\/index.php\/wp-json\/wp\/v2\/media?parent=60"}],"curies":[{"name":"wp","href":"https:\/\/api.w.org\/{rel}","templated":true}]}}